{"id":4038,"date":"2024-06-28T14:43:26","date_gmt":"2024-06-28T12:43:26","guid":{"rendered":"https:\/\/www.istitutoici.com\/?page_id=4038"},"modified":"2024-07-30T12:33:32","modified_gmt":"2024-07-30T10:33:32","slug":"disturbo-da-deficit-attenzione-iperattivita","status":"publish","type":"page","link":"https:\/\/www.istitutoici.com\/index.php\/disturbo-da-deficit-attenzione-iperattivita\/","title":{"rendered":"Disturbo da deficit dell&#8217;attenzione\/iperattivit\u00e0"},"content":{"rendered":"<div class=\"wpb-content-wrapper\"><p>[vc_row full_width=&#8221;stretch_row_content_no_spaces&#8221; content_placement=&#8221;middle&#8221; container=&#8221;1&#8243;][vc_column]\n\t\t\t<!-- START Deficit attenzione REVOLUTION SLIDER 6.7.41 --><p class=\"rs-p-wp-fix\"><\/p>\n\t\t\t<rs-module-wrap id=\"rev_slider_19_1_wrapper\" data-source=\"gallery\" style=\"visibility:hidden;background:transparent;padding:0;margin:0px auto;margin-top:0;margin-bottom:0;\">\n\t\t\t\t<rs-module id=\"rev_slider_19_1\" style=\"\" data-version=\"6.7.41\">\n\t\t\t\t\t<rs-slides style=\"overflow: hidden; position: absolute;\">\n\t\t\t\t\t\t<rs-slide style=\"position: absolute;\" data-key=\"rs-42\" data-title=\"Slide\" data-in=\"o:0;\" data-out=\"a:false;\">\n\t\t\t\t\t\t\t<img decoding=\"async\" src=\"\/\/www.istitutoici.com\/wp-content\/plugins\/revslider\/sr6\/assets\/assets\/dummy.png\" alt=\"disturbo iperattivita\" title=\"disturbo iperattivita\" width=\"1240\" height=\"400\" class=\"rev-slidebg tp-rs-img rs-lazyload\" data-lazyload=\"\/\/www.istitutoici.com\/wp-content\/uploads\/2024\/07\/disturbo-iperattivita.jpg\" data-panzoom=\"d:10000;ss:100%;se:100;os:-80px\/10px;\" data-no-retina>\n<!--\n\t\t\t\t\t\t\t--><rs-layer\n\t\t\t\t\t\t\t\tid=\"slider-19-slide-42-layer-1\" \n\t\t\t\t\t\t\t\tdata-type=\"text\"\n\t\t\t\t\t\t\t\tdata-color=\"#616370\"\n\t\t\t\t\t\t\t\tdata-rsp_ch=\"on\"\n\t\t\t\t\t\t\t\tdata-xy=\"x:c;xo:-14px,-8px,-9px,-1px;yo:88px,132px,59px,83px;\"\n\t\t\t\t\t\t\t\tdata-text=\"w:normal;s:35,36,32,24;l:40,40,37,25;ls:-1px,0px,0px,0px;fw:800;a:center;\"\n\t\t\t\t\t\t\t\tdata-dim=\"w:auto,737px,556px,416px;minh:0px,none,none,none;\"\n\t\t\t\t\t\t\t\tdata-frame_999=\"o:0;st:w;\"\n\t\t\t\t\t\t\t\tstyle=\"z-index:7;font-family:'Tahoma', 'Geneva', 'sans-serif';text-transform:uppercase;\"\n\t\t\t\t\t\t\t>Disturbo da deficit dell'attenzione\/iperattivit\u00e0 \n\t\t\t\t\t\t\t<\/rs-layer><!--\n\n\t\t\t\t\t\t\t--><a\n\t\t\t\t\t\t\t\tid=\"slider-19-slide-42-layer-4\" \n\t\t\t\t\t\t\t\tclass=\"rs-layer rev-btn\"\n\t\t\t\t\t\t\t\thref=\"https:\/\/www.istitutoici.com\/index.php\/richiedi-un-appuntamento\/\" target=\"_self\"\n\t\t\t\t\t\t\t\tdata-type=\"button\"\n\t\t\t\t\t\t\t\tdata-rsp_ch=\"on\"\n\t\t\t\t\t\t\t\tdata-xy=\"x:c;xo:-17px,-2px,14px,-3px;yo:218px,271px,380px,174px;\"\n\t\t\t\t\t\t\t\tdata-text=\"w:normal;s:12,13,19,9;l:27,31,45,21;fw:500;\"\n\t\t\t\t\t\t\t\tdata-dim=\"minh:0,none,none,none;\"\n\t\t\t\t\t\t\t\tdata-padding=\"r:17,20,29,14;l:17,20,29,14;\"\n\t\t\t\t\t\t\t\tdata-border=\"bor:25px,25px,25px,25px;\"\n\t\t\t\t\t\t\t\tdata-frame_999=\"o:0;st:w;\"\n\t\t\t\t\t\t\t\tdata-frame_hover=\"bgc:#007aff;bor:25px,25px,25px,25px;bri:120%;\"\n\t\t\t\t\t\t\t\tstyle=\"z-index:10;background-color:#114090;font-family:'Roboto';\"\n\t\t\t\t\t\t\t>Contatta il Centro \n\t\t\t\t\t\t\t<\/a><!--\n\n\t\t\t\t\t\t\t--><rs-layer\n\t\t\t\t\t\t\t\tid=\"slider-19-slide-42-layer-5\" \n\t\t\t\t\t\t\t\tdata-type=\"text\"\n\t\t\t\t\t\t\t\tdata-color=\"#616370\"\n\t\t\t\t\t\t\t\tdata-rsp_ch=\"on\"\n\t\t\t\t\t\t\t\tdata-xy=\"x:c;xo:-20px,0,-6px,-5px;yo:48px,89px,23px,49px;\"\n\t\t\t\t\t\t\t\tdata-text=\"w:normal;s:18,21,20,15;l:40,49,48,37;ls:0px,2px,1px,0px;fw:500;a:center;\"\n\t\t\t\t\t\t\t\tdata-dim=\"minh:0px,none,none,none;\"\n\t\t\t\t\t\t\t\tdata-frame_999=\"o:0;st:w;\"\n\t\t\t\t\t\t\t\tstyle=\"z-index:8;font-family:'Tahoma', 'Geneva', 'sans-serif';\"\n\t\t\t\t\t\t\t>Disturbi trattati \n\t\t\t\t\t\t\t<\/rs-layer><!--\n-->\t\t\t\t\t<\/rs-slide>\n\t\t\t\t\t<\/rs-slides>\n\t\t\t\t<\/rs-module>\n\t\t\t\t<script>\n\t\t\t\t\tsetREVStartSize({c: 'rev_slider_19_1',rl:[1240,1024,778,480],el:[400,768,300,300],gw:[1240,1024,778,480],gh:[400,768,300,300],type:'standard',justify:'',layout:'fullwidth',mh:\"0\"});if (window.RS_MODULES!==undefined && window.RS_MODULES.modules!==undefined && window.RS_MODULES.modules[\"revslider191\"]!==undefined) {window.RS_MODULES.modules[\"revslider191\"].once = false;window.revapi19 = undefined;if (window.RS_MODULES.checkMinimal!==undefined) window.RS_MODULES.checkMinimal()}\n\t\t\t\t<\/script>\n\t\t\t<\/rs-module-wrap>\n\t\t\t<!-- END REVOLUTION SLIDER -->\n[vc_empty_space][\/vc_column][\/vc_row][vc_row][vc_column width=&#8221;1\/6&#8243;][\/vc_column][vc_column width=&#8221;4\/6&#8243;][vc_column_text css=&#8221;&#8221;]<\/p>\n<h3 style=\"text-align: justify;\"><strong><span style=\"color: #114090;\">Cosa \u00e8 il disturbo dell\u2019Attenzione e\/o dell\u2019Iperattivit\u00e0?<\/span><\/strong><\/h3>\n<p style=\"text-align: justify;\">Il disturbo da Deficit di Attenzione e Iperattivit\u00e0 (dall\u2019acronimo inglese ADHD, Attention Deficit Hyperactivity Disorder) viene incluso tra i disturbi neuroevolutivi per la sua specificit\u00e0 cognitivo-neuropsicologico. \u00c8 un disturbo pervasivo che si caratterizza in et\u00e0 evolutiva, inizialmente pu\u00f2 comportare un insieme di difficolt\u00e0 sul piano dei problemi primari (distraibilit\u00e0, impulsivit\u00e0, iperattivit\u00e0) successivamente le difficolt\u00e0 possono spostarsi sul piano relazionale e possono avere anche una conseguente difficolt\u00e0 di adattamento sul piano sia scolastico sia extrascolastico.<\/p>\n<h4 style=\"text-align: justify;\"><span style=\"color: #114090;\"><strong>Quali elementi caratterizzano il disturbo?<\/strong><\/span><\/h4>\n<p style=\"text-align: justify;\">Il Disturbo da Deficit di Attenzione e\/o Iperattivit\u00e0 \u00e8 tra i disturbi pi\u00f9 frequenti nell\u2019et\u00e0 evolutiva, con dei tassi di prevalenza che oscillano tra il 3% e il 5%. Il disturbo pu\u00f2 presentare sintomi di disattenzione e\/o iperattivit\u00e0 con una difficolt\u00e0 di autoregolazione importante sia dal punto di vista emotivo che comportamentale. Il bambino\/ragazzo con ADHD ha una buona capacit\u00e0 di comportamento eteroregolato (cio\u00e8 quando viene guidato da altri \u00e8 in grado di regolare il comportamento) mentre incontra difficolt\u00e0 nel comportamento autoregolato.<\/p>\n<p>[\/vc_column_text][vc_empty_space][vc_column_text css=&#8221;&#8221;]<\/p>\n<h4 style=\"text-align: justify;\"><span style=\"color: #114090;\"><strong>Sintomatologia<\/strong><\/span><\/h4>\n<p style=\"text-align: justify;\">Il disturbo pu\u00f2 caratterizzarsi in tre sottotipi diversi.<br \/>\n<span style=\"color: #114090;\">Sottotipo combinato<\/span>:\u00a0in cui sono presenti almeno 6 sintomi di inattenzione e 6 sintomi di iperattivit\u00e0; Sottotipo prevalentemente inattentivo:\u00a0sono presenti almeno 6 sintomi di inattenzione ma i criteri per l\u2019iperattivit\u00e0 non vengono soddisfatti;\u00a0Sottotipo prevalentemente iperattivo-impulsivo:\u00a0sono presenti almeno 6 sintomi di iperattivit\u00e0-impulsivit\u00e0 ma i criteri per l\u2019inattenzione non vengono soddisfatti.<\/p>\n<p style=\"text-align: justify;\"><span style=\"color: #114090;\">La disattenzione<\/span>: pu\u00f2 manifestarsi in situazioni scolastiche o sociali. A esempio i bambini\/ragazzi hanno difficolt\u00e0 nel mantenere per lungo tempo l\u2019attenzione per arrivare al raggiungimento dei compiti o attivit\u00e0 di gioco e difficolt\u00e0 nell\u2019organizzare lo svolgimento delle loro attivit\u00e0. Il loro modo di lavorare \u00e8 disorganizzato e spesso perdono il materiale necessario per svolgere i compiti o le altre attivit\u00e0. Inoltre, sono facilmente distratti da stimoli o da rumori esterni che li distolgono dai compiti che stanno eseguendo.<\/p>\n<p style=\"text-align: justify;\"><span style=\"color: #114090;\">L\u2019iperattivit\u00e0<\/span>: porta i bambini\/ragazzi a muovere continuamente mani e piedi, non riescono a stare seduti quando le circostanze sociali lo richiedono. Possono avere difficolt\u00e0 a dedicarsi tranquillamente ad un gioco o ad un\u2019attivit\u00e0 anche durante il tempo libero.<\/p>\n<p style=\"text-align: justify;\"><span style=\"color: #114090;\">L\u2019impulsivit\u00e0<\/span>: si manifesta con un\u2019eccessiva impazienza, difficolt\u00e0 a controllare le proprie reazioni ed eccessiva velocit\u00e0 nel rispondere alle domande, prima ancora che queste siano state completate. L\u2019impulsivit\u00e0 \u00e8 evidente anche quando non riescono ad aspettare il proprio turno o quando si intromettono nei discordi di altre persone.<\/p>\n<p>[\/vc_column_text][vc_empty_space][vc_column_text css=&#8221;&#8221;]<\/p>\n<h4 style=\"text-align: justify;\"><span style=\"color: #114090;\"><strong>Con quali modalit\u00e0 si svolge il trattamento?<\/strong><\/span><\/h4>\n<p style=\"text-align: justify;\">Il progetto riabilitativo per un bambino\/ragazzo con ADHD deve tener conto della possibilit\u00e0 di pianificazione un trattamento che consideri la complessit\u00e0 del disturbo. Nel corso degli anni la clinica ha visto come modello dell\u2019elezione l\u2019intervento multimodale che vedere coinvolti il bambino\/adolescente, i genitori e gli insegnanti.<\/p>\n<p style=\"text-align: justify;\">L\u2019intervento cognitivo-comportamentale utile per il bambino\/adolescente vede coinvolti i principali tre sintomi del disturbo: attenzione, impulsivit\u00e0 e iperattivit\u00e0. L\u2019intervento prevede un potenziamento dei livelli attentivi ed un lavoro di psicoeducazione che porta il bambino\/ragazzo ad una maggiore consapevolezza del proprio disturbo e una maggiore autoregolazione emotiva e comportamentale.<\/p>\n<p style=\"text-align: justify;\">Il lavoro che viene dedicato ai genitori pu\u00f2 essere svolto sia con le singole coppie genitoriali sia in gruppo; ha lo scopo di far conoscere il disturbo e fornire loro strategie utili per la gestione dei comportamenti problematici.<\/p>\n<p style=\"text-align: justify;\">Infine, il lavoro svolto con gli insegnanti \u00e8 di fondamentale importanza nel percorso terapeutico di un bambino o adolescente con ADHD. Gli incontri sistematici che il clinico svolge con gli insegnanti hanno come obbiettivo principale quello di informare sulle caratteristiche del disturbo, fornire strategie educative per migliorare il rapporto tra alunno con ADHD e insegnanti e migliorare l\u2019interazione dell\u2019alunno nel gruppo classe.<\/p>\n<p>[\/vc_column_text][\/vc_column][vc_column width=&#8221;1\/6&#8243;][\/vc_column][\/vc_row][vc_row][vc_column][vc_empty_space][\/vc_column][\/vc_row]<\/p>\n<\/div>","protected":false},"excerpt":{"rendered":"<p>[vc_row full_width=&#8221;stretch_row_content_no_spaces&#8221; content_placement=&#8221;middle&#8221; container=&#8221;1&#8243;][vc_column][vc_empty_space][\/vc_column][\/vc_row][vc_row][vc_column width=&#8221;1\/6&#8243;][\/vc_column][vc_column width=&#8221;4\/6&#8243;][vc_column_text css=&#8221;&#8221;] Cosa \u00e8 il disturbo dell\u2019Attenzione e\/o dell\u2019Iperattivit\u00e0? Il disturbo da Deficit di Attenzione e Iperattivit\u00e0 (dall\u2019acronimo inglese ADHD, Attention Deficit Hyperactivity Disorder) viene incluso tra i disturbi neuroevolutivi per la sua specificit\u00e0 cognitivo-neuropsicologico. \u00c8 un disturbo pervasivo che si caratterizza in et\u00e0 evolutiva, inizialmente pu\u00f2 comportare un insieme<\/p>\n","protected":false},"author":10,"featured_media":0,"parent":0,"menu_order":0,"comment_status":"closed","ping_status":"closed","template":"tpl-visual_composer.php","meta":{"_crdt_document":"","advgb_blocks_editor_width":"","advgb_blocks_columns_visual_guide":"","footnotes":""},"categories":[],"tags":[55,315,314,328,327,334,321,338,319,326,316,288,313,331,322,92,329,317,335,320,229,323,325,330,332,318,336,333,324,337],"class_list":["post-4038","page","type-page","status-publish","hentry","tag-adhd","tag-attention-deficit-hyperactivity-disorder","tag-attenzione","tag-attivita","tag-compiti","tag-complessita-del-disturbo","tag-comportamentale","tag-deficit","tag-difficolta-di-adattamento","tag-disorganizzato","tag-distraibilita","tag-disturbi-neuroevolutivi","tag-disturbo-dellattenzione","tag-eccessiva-impazienza","tag-emotivo","tag-eta-evolutiva","tag-facilmente-distratti","tag-impulsivita","tag-intervento-cognitivo-comportamentale","tag-intomi-di-disattenzione","tag-iperattivita","tag-iperattivita-impulsivita","tag-mantenere-per-lungo-tempo-lattenzione","tag-non-riescono-a-stare-seduti","tag-non-riescono-ad-aspettare-il-proprio-turno","tag-piano-relazionale","tag-psicoeducazione","tag-quando-si-intromettono-nei-discordi-di-altre-persone","tag-situazioni-scolastiche","tag-strategie-educative"],"yoast_head":"<!-- This site is optimized with the Yoast SEO plugin v27.1.1 - https:\/\/yoast.com\/product\/yoast-seo-wordpress\/ -->\r\n<title>Disturbo da deficit dell&#039;attenzione\/iperattivit\u00e0 - Centro clinico ICI<\/title>\r\n<meta name=\"robots\" content=\"index, follow, max-snippet:-1, max-image-preview:large, max-video-preview:-1\" \/>\r\n<link rel=\"canonical\" href=\"https:\/\/www.istitutoici.com\/index.php\/disturbo-da-deficit-attenzione-iperattivita\/\" \/>\r\n<meta property=\"og:locale\" content=\"it_IT\" \/>\r\n<meta property=\"og:type\" content=\"article\" \/>\r\n<meta property=\"og:title\" content=\"Disturbo da deficit dell&#039;attenzione\/iperattivit\u00e0 - Centro clinico ICI\" \/>\r\n<meta property=\"og:description\" content=\"[vc_row full_width=&#8221;stretch_row_content_no_spaces&#8221; content_placement=&#8221;middle&#8221; container=&#8221;1&#8243;][vc_column][vc_empty_space][\/vc_column][\/vc_row][vc_row][vc_column width=&#8221;1\/6&#8243;][\/vc_column][vc_column width=&#8221;4\/6&#8243;][vc_column_text css=&#8221;&#8221;] Cosa \u00e8 il disturbo dell\u2019Attenzione e\/o dell\u2019Iperattivit\u00e0? Il disturbo da Deficit di Attenzione e Iperattivit\u00e0 (dall\u2019acronimo inglese ADHD, Attention Deficit Hyperactivity Disorder) viene incluso tra i disturbi neuroevolutivi per la sua specificit\u00e0 cognitivo-neuropsicologico. \u00c8 un disturbo pervasivo che si caratterizza in et\u00e0 evolutiva, inizialmente pu\u00f2 comportare un insieme\" \/>\r\n<meta property=\"og:url\" content=\"https:\/\/www.istitutoici.com\/index.php\/disturbo-da-deficit-attenzione-iperattivita\/\" \/>\r\n<meta property=\"og:site_name\" content=\"Centro clinico ICI\" \/>\r\n<meta property=\"article:modified_time\" content=\"2024-07-30T10:33:32+00:00\" \/>\r\n<meta name=\"twitter:card\" content=\"summary_large_image\" \/>\r\n<meta name=\"twitter:label1\" content=\"Tempo di lettura stimato\" \/>\n\t<meta name=\"twitter:data1\" content=\"4 minuti\" \/>\r\n<script type=\"application\/ld+json\" class=\"yoast-schema-graph\">{\"@context\":\"https:\/\/schema.org\",\"@graph\":[{\"@type\":\"WebPage\",\"@id\":\"https:\/\/www.istitutoici.com\/index.php\/disturbo-da-deficit-attenzione-iperattivita\/\",\"url\":\"https:\/\/www.istitutoici.com\/index.php\/disturbo-da-deficit-attenzione-iperattivita\/\",\"name\":\"Disturbo da deficit dell'attenzione\/iperattivit\u00e0 - Centro clinico ICI\",\"isPartOf\":{\"@id\":\"https:\/\/www.istitutoici.com\/#website\"},\"datePublished\":\"2024-06-28T12:43:26+00:00\",\"dateModified\":\"2024-07-30T10:33:32+00:00\",\"breadcrumb\":{\"@id\":\"https:\/\/www.istitutoici.com\/index.php\/disturbo-da-deficit-attenzione-iperattivita\/#breadcrumb\"},\"inLanguage\":\"it-IT\",\"potentialAction\":[{\"@type\":\"ReadAction\",\"target\":[\"https:\/\/www.istitutoici.com\/index.php\/disturbo-da-deficit-attenzione-iperattivita\/\"]}]},{\"@type\":\"BreadcrumbList\",\"@id\":\"https:\/\/www.istitutoici.com\/index.php\/disturbo-da-deficit-attenzione-iperattivita\/#breadcrumb\",\"itemListElement\":[{\"@type\":\"ListItem\",\"position\":1,\"name\":\"Home\",\"item\":\"https:\/\/www.istitutoici.com\/\"},{\"@type\":\"ListItem\",\"position\":2,\"name\":\"Disturbo da deficit dell&#8217;attenzione\/iperattivit\u00e0\"}]},{\"@type\":\"WebSite\",\"@id\":\"https:\/\/www.istitutoici.com\/#website\",\"url\":\"https:\/\/www.istitutoici.com\/\",\"name\":\"Centro clinico ICI\",\"description\":\"Centro accreditato Regione Lazio\",\"potentialAction\":[{\"@type\":\"SearchAction\",\"target\":{\"@type\":\"EntryPoint\",\"urlTemplate\":\"https:\/\/www.istitutoici.com\/?s={search_term_string}\"},\"query-input\":{\"@type\":\"PropertyValueSpecification\",\"valueRequired\":true,\"valueName\":\"search_term_string\"}}],\"inLanguage\":\"it-IT\"}]}<\/script>\r\n<!-- \/ Yoast SEO plugin. -->","yoast_head_json":{"title":"Disturbo da deficit dell'attenzione\/iperattivit\u00e0 - Centro clinico ICI","robots":{"index":"index","follow":"follow","max-snippet":"max-snippet:-1","max-image-preview":"max-image-preview:large","max-video-preview":"max-video-preview:-1"},"canonical":"https:\/\/www.istitutoici.com\/index.php\/disturbo-da-deficit-attenzione-iperattivita\/","og_locale":"it_IT","og_type":"article","og_title":"Disturbo da deficit dell'attenzione\/iperattivit\u00e0 - Centro clinico ICI","og_description":"[vc_row full_width=&#8221;stretch_row_content_no_spaces&#8221; content_placement=&#8221;middle&#8221; container=&#8221;1&#8243;][vc_column][vc_empty_space][\/vc_column][\/vc_row][vc_row][vc_column width=&#8221;1\/6&#8243;][\/vc_column][vc_column width=&#8221;4\/6&#8243;][vc_column_text css=&#8221;&#8221;] Cosa \u00e8 il disturbo dell\u2019Attenzione e\/o dell\u2019Iperattivit\u00e0? Il disturbo da Deficit di Attenzione e Iperattivit\u00e0 (dall\u2019acronimo inglese ADHD, Attention Deficit Hyperactivity Disorder) viene incluso tra i disturbi neuroevolutivi per la sua specificit\u00e0 cognitivo-neuropsicologico. \u00c8 un disturbo pervasivo che si caratterizza in et\u00e0 evolutiva, inizialmente pu\u00f2 comportare un insieme","og_url":"https:\/\/www.istitutoici.com\/index.php\/disturbo-da-deficit-attenzione-iperattivita\/","og_site_name":"Centro clinico ICI","article_modified_time":"2024-07-30T10:33:32+00:00","twitter_card":"summary_large_image","twitter_misc":{"Tempo di lettura stimato":"4 minuti"},"schema":{"@context":"https:\/\/schema.org","@graph":[{"@type":"WebPage","@id":"https:\/\/www.istitutoici.com\/index.php\/disturbo-da-deficit-attenzione-iperattivita\/","url":"https:\/\/www.istitutoici.com\/index.php\/disturbo-da-deficit-attenzione-iperattivita\/","name":"Disturbo da deficit dell'attenzione\/iperattivit\u00e0 - Centro clinico ICI","isPartOf":{"@id":"https:\/\/www.istitutoici.com\/#website"},"datePublished":"2024-06-28T12:43:26+00:00","dateModified":"2024-07-30T10:33:32+00:00","breadcrumb":{"@id":"https:\/\/www.istitutoici.com\/index.php\/disturbo-da-deficit-attenzione-iperattivita\/#breadcrumb"},"inLanguage":"it-IT","potentialAction":[{"@type":"ReadAction","target":["https:\/\/www.istitutoici.com\/index.php\/disturbo-da-deficit-attenzione-iperattivita\/"]}]},{"@type":"BreadcrumbList","@id":"https:\/\/www.istitutoici.com\/index.php\/disturbo-da-deficit-attenzione-iperattivita\/#breadcrumb","itemListElement":[{"@type":"ListItem","position":1,"name":"Home","item":"https:\/\/www.istitutoici.com\/"},{"@type":"ListItem","position":2,"name":"Disturbo da deficit dell&#8217;attenzione\/iperattivit\u00e0"}]},{"@type":"WebSite","@id":"https:\/\/www.istitutoici.com\/#website","url":"https:\/\/www.istitutoici.com\/","name":"Centro clinico ICI","description":"Centro accreditato Regione Lazio","potentialAction":[{"@type":"SearchAction","target":{"@type":"EntryPoint","urlTemplate":"https:\/\/www.istitutoici.com\/?s={search_term_string}"},"query-input":{"@type":"PropertyValueSpecification","valueRequired":true,"valueName":"search_term_string"}}],"inLanguage":"it-IT"}]}},"coauthors":[],"author_meta":{"author_link":"https:\/\/www.istitutoici.com\/index.php\/author\/centro-clinico\/","display_name":"Centro Clinico"},"relative_dates":{"created":"Pubblicato 2 anni fa","modified":"Aggiornato 2 anni fa"},"absolute_dates":{"created":"Pubblicato il 28 Giugno 2024","modified":"Aggiornato il 30 Luglio 2024"},"absolute_dates_time":{"created":"Pubblicato il 28 Giugno 2024 14:43","modified":"Aggiornato il 30 Luglio 2024 12:33"},"featured_img_caption":"","featured_img":false,"series_order":"","_links":{"self":[{"href":"https:\/\/www.istitutoici.com\/index.php\/wp-json\/wp\/v2\/pages\/4038","targetHints":{"allow":["GET"]}}],"collection":[{"href":"https:\/\/www.istitutoici.com\/index.php\/wp-json\/wp\/v2\/pages"}],"about":[{"href":"https:\/\/www.istitutoici.com\/index.php\/wp-json\/wp\/v2\/types\/page"}],"author":[{"embeddable":true,"href":"https:\/\/www.istitutoici.com\/index.php\/wp-json\/wp\/v2\/users\/10"}],"replies":[{"embeddable":true,"href":"https:\/\/www.istitutoici.com\/index.php\/wp-json\/wp\/v2\/comments?post=4038"}],"version-history":[{"count":8,"href":"https:\/\/www.istitutoici.com\/index.php\/wp-json\/wp\/v2\/pages\/4038\/revisions"}],"predecessor-version":[{"id":4524,"href":"https:\/\/www.istitutoici.com\/index.php\/wp-json\/wp\/v2\/pages\/4038\/revisions\/4524"}],"wp:attachment":[{"href":"https:\/\/www.istitutoici.com\/index.php\/wp-json\/wp\/v2\/media?parent=4038"}],"wp:term":[{"taxonomy":"category","embeddable":true,"href":"https:\/\/www.istitutoici.com\/index.php\/wp-json\/wp\/v2\/categories?post=4038"},{"taxonomy":"post_tag","embeddable":true,"href":"https:\/\/www.istitutoici.com\/index.php\/wp-json\/wp\/v2\/tags?post=4038"}],"curies":[{"name":"wp","href":"https:\/\/api.w.org\/{rel}","templated":true}]}}