{"id":758,"date":"2019-07-25T18:56:33","date_gmt":"2019-07-25T16:56:33","guid":{"rendered":"http:\/\/www.istitutoici.com\/?page_id=758"},"modified":"2024-07-23T20:12:47","modified_gmt":"2024-07-23T18:12:47","slug":"unita-cliniche","status":"publish","type":"page","link":"https:\/\/www.istitutoici.com\/index.php\/unita-cliniche\/","title":{"rendered":"Unit\u00e0 Cliniche"},"content":{"rendered":"<div class=\"wpb-content-wrapper\"><p>[vc_row][vc_column][vc_column_text]Le Unit\u00e0 Cliniche svolgono specifiche attivit\u00e0 con protocolli condivisi e validi sul\u00a0piano dell\u2019efficacia, ed hanno al loro interno professionisti. Ogni Unit\u00e0 ha una costante\u00a0supervisione e monitoraggio dell\u2019attivit\u00e0.[\/vc_column_text][vc_empty_space][\/vc_column][\/vc_row][vc_row][vc_column width=&#8221;1\/2&#8243;][vc_column_text]<\/p>\n<h3><strong>SERVIZIO DI VALUTAZIONE, RIABILITAZIONE NEUROPSICOLOGICA E SOSTEGNO PSICOLOGICO DEI DISTURBI DEL NEUROSVILUPPO<\/strong><\/h3>\n<p><a href=\"http:\/\/www.istitutoici.com\/index.php\/riabilitazione-dei-disturbi-del-neurosviluppo\/\">&gt;\u00a0Valutazione e riabilitazione dei disturbi del neurosviluppo<\/a><br \/>\n&gt;\u00a0<a href=\"http:\/\/www.istitutoici.com\/index.php\/disturbi-dello-spettro-autistico\/\">Disturbi dello spettro autistico<\/a><br \/>\n&gt; <a href=\"https:\/\/www.istitutoici.com\/index.php\/2019\/09\/19\/tutoraggio-specialistico-dellapprendimento-per-dsa-e-adhd\/\">Tutor dell&#8217;apprendimento<\/a><br \/>\n<a href=\"https:\/\/www.istitutoici.com\/index.php\/2021\/10\/08\/certificazione-dsa\/\">&gt; Certificazioni DSA<\/a><br \/>\n&gt; <a href=\"https:\/\/www.istitutoici.com\/index.php\/musicoterapia-e-aba\/\">Musicoterapia<\/a>[\/vc_column_text][\/vc_column][vc_column width=&#8221;1\/2&#8243;][vc_column_text]<\/p>\n<h3 style=\"text-align: center;\"><strong>SERVIZIO DI PSICODIAGNOSI E PSICOTERAPIA<\/strong><\/h3>\n<p style=\"text-align: center;\">&gt; <a href=\"http:\/\/www.istitutoici.com\/index.php\/psicodiagnosi-e-psicoterapia\/\">Psicodiagnosi e psicoterapia<\/a><\/p>\n<p>[\/vc_column_text][\/vc_column][\/vc_row][vc_row][vc_column][\/vc_column][\/vc_row]<\/p>\n<\/div>","protected":false},"excerpt":{"rendered":"<p>[vc_row][vc_column][vc_column_text]Le Unit\u00e0 Cliniche svolgono specifiche attivit\u00e0 con protocolli condivisi e validi sul\u00a0piano dell\u2019efficacia, ed hanno al loro interno professionisti. Ogni Unit\u00e0 ha una costante\u00a0supervisione e monitoraggio dell\u2019attivit\u00e0.[\/vc_column_text][vc_empty_space][\/vc_column][\/vc_row][vc_row][vc_column width=&#8221;1\/2&#8243;][vc_column_text] SERVIZIO DI VALUTAZIONE, RIABILITAZIONE NEUROPSICOLOGICA E SOSTEGNO PSICOLOGICO DEI DISTURBI DEL NEUROSVILUPPO &gt;\u00a0Valutazione e riabilitazione dei disturbi del neurosviluppo &gt;\u00a0Disturbi dello spettro autistico &gt; Tutor dell&#8217;apprendimento &gt;<\/p>\n","protected":false},"author":10,"featured_media":0,"parent":0,"menu_order":0,"comment_status":"closed","ping_status":"closed","template":"","meta":{"footnotes":""},"categories":[],"tags":[41,69,243,92,47,104,554,60,503,520,646,542,66,585,528,648,93,493,191,551,160,488,501],"class_list":["post-758","page","type-page","status-publish","hentry","tag-autismo","tag-centro-clinico-ici","tag-diagnosi","tag-eta-evolutiva","tag-ici","tag-istituto-ici","tag-istituto-interuniversitario-ici","tag-neuropsichiatra-infantile","tag-neuropsicologica","tag-professionisti","tag-psicodiagnosi","tag-psicopatologica","tag-psicoterapia","tag-riabilitazione","tag-roma","tag-sostegno","tag-sostegno-psicologico","tag-terapia","tag-trattamento","tag-unita-clinica","tag-unita-clinica-ici","tag-unita-cliniche","tag-valutazione"],"yoast_head":"<!-- This site is optimized with the Yoast SEO plugin v27.4 - https:\/\/yoast.com\/product\/yoast-seo-wordpress\/ -->\r\n<title>Unit\u00e0 Cliniche - Centro clinico ICI<\/title>\r\n<meta name=\"description\" content=\"I professionisti delle Unit\u00e0 Cliniche svolgono specifiche attivit\u00e0 con protocolli condivisi e validi sul piano dell\u2019efficacia\" \/>\r\n<meta name=\"robots\" content=\"index, follow, max-snippet:-1, max-image-preview:large, max-video-preview:-1\" \/>\r\n<link rel=\"canonical\" href=\"https:\/\/www.istitutoici.com\/index.php\/unita-cliniche\/\" \/>\r\n<meta property=\"og:locale\" content=\"it_IT\" \/>\r\n<meta property=\"og:type\" content=\"article\" \/>\r\n<meta property=\"og:title\" content=\"Unit\u00e0 Cliniche - Centro clinico ICI\" \/>\r\n<meta property=\"og:description\" content=\"I professionisti delle Unit\u00e0 Cliniche svolgono specifiche attivit\u00e0 con protocolli condivisi e validi sul piano dell\u2019efficacia\" \/>\r\n<meta property=\"og:url\" content=\"https:\/\/www.istitutoici.com\/index.php\/unita-cliniche\/\" \/>\r\n<meta property=\"og:site_name\" content=\"Centro clinico ICI\" \/>\r\n<meta property=\"article:modified_time\" content=\"2024-07-23T18:12:47+00:00\" \/>\r\n<meta name=\"twitter:card\" content=\"summary_large_image\" \/>\r\n<meta name=\"twitter:label1\" content=\"Tempo di lettura stimato\" \/>\n\t<meta name=\"twitter:data1\" content=\"1 minuto\" \/>\r\n<script type=\"application\/ld+json\" class=\"yoast-schema-graph\">{\"@context\":\"https:\\\/\\\/schema.org\",\"@graph\":[{\"@type\":\"WebPage\",\"@id\":\"https:\\\/\\\/www.istitutoici.com\\\/index.php\\\/unita-cliniche\\\/\",\"url\":\"https:\\\/\\\/www.istitutoici.com\\\/index.php\\\/unita-cliniche\\\/\",\"name\":\"Unit\u00e0 Cliniche - Centro clinico ICI\",\"isPartOf\":{\"@id\":\"https:\\\/\\\/www.istitutoici.com\\\/#website\"},\"datePublished\":\"2019-07-25T16:56:33+00:00\",\"dateModified\":\"2024-07-23T18:12:47+00:00\",\"description\":\"I professionisti delle Unit\u00e0 Cliniche svolgono specifiche attivit\u00e0 con protocolli condivisi e validi sul piano dell\u2019efficacia\",\"breadcrumb\":{\"@id\":\"https:\\\/\\\/www.istitutoici.com\\\/index.php\\\/unita-cliniche\\\/#breadcrumb\"},\"inLanguage\":\"it-IT\",\"potentialAction\":[{\"@type\":\"ReadAction\",\"target\":[\"https:\\\/\\\/www.istitutoici.com\\\/index.php\\\/unita-cliniche\\\/\"]}]},{\"@type\":\"BreadcrumbList\",\"@id\":\"https:\\\/\\\/www.istitutoici.com\\\/index.php\\\/unita-cliniche\\\/#breadcrumb\",\"itemListElement\":[{\"@type\":\"ListItem\",\"position\":1,\"name\":\"Home\",\"item\":\"https:\\\/\\\/www.istitutoici.com\\\/\"},{\"@type\":\"ListItem\",\"position\":2,\"name\":\"Unit\u00e0 Cliniche\"}]},{\"@type\":\"WebSite\",\"@id\":\"https:\\\/\\\/www.istitutoici.com\\\/#website\",\"url\":\"https:\\\/\\\/www.istitutoici.com\\\/\",\"name\":\"Centro clinico ICI\",\"description\":\"Centro accreditato Regione Lazio\",\"potentialAction\":[{\"@type\":\"SearchAction\",\"target\":{\"@type\":\"EntryPoint\",\"urlTemplate\":\"https:\\\/\\\/www.istitutoici.com\\\/?s={search_term_string}\"},\"query-input\":{\"@type\":\"PropertyValueSpecification\",\"valueRequired\":true,\"valueName\":\"search_term_string\"}}],\"inLanguage\":\"it-IT\"}]}<\/script>\r\n<!-- \/ Yoast SEO plugin. -->","yoast_head_json":{"title":"Unit\u00e0 Cliniche - Centro clinico ICI","description":"I professionisti delle Unit\u00e0 Cliniche svolgono specifiche attivit\u00e0 con protocolli condivisi e validi sul piano dell\u2019efficacia","robots":{"index":"index","follow":"follow","max-snippet":"max-snippet:-1","max-image-preview":"max-image-preview:large","max-video-preview":"max-video-preview:-1"},"canonical":"https:\/\/www.istitutoici.com\/index.php\/unita-cliniche\/","og_locale":"it_IT","og_type":"article","og_title":"Unit\u00e0 Cliniche - Centro clinico ICI","og_description":"I professionisti delle Unit\u00e0 Cliniche svolgono specifiche attivit\u00e0 con protocolli condivisi e validi sul piano dell\u2019efficacia","og_url":"https:\/\/www.istitutoici.com\/index.php\/unita-cliniche\/","og_site_name":"Centro clinico ICI","article_modified_time":"2024-07-23T18:12:47+00:00","twitter_card":"summary_large_image","twitter_misc":{"Tempo di lettura stimato":"1 minuto"},"schema":{"@context":"https:\/\/schema.org","@graph":[{"@type":"WebPage","@id":"https:\/\/www.istitutoici.com\/index.php\/unita-cliniche\/","url":"https:\/\/www.istitutoici.com\/index.php\/unita-cliniche\/","name":"Unit\u00e0 Cliniche - Centro clinico ICI","isPartOf":{"@id":"https:\/\/www.istitutoici.com\/#website"},"datePublished":"2019-07-25T16:56:33+00:00","dateModified":"2024-07-23T18:12:47+00:00","description":"I professionisti delle Unit\u00e0 Cliniche svolgono specifiche attivit\u00e0 con protocolli condivisi e validi sul piano dell\u2019efficacia","breadcrumb":{"@id":"https:\/\/www.istitutoici.com\/index.php\/unita-cliniche\/#breadcrumb"},"inLanguage":"it-IT","potentialAction":[{"@type":"ReadAction","target":["https:\/\/www.istitutoici.com\/index.php\/unita-cliniche\/"]}]},{"@type":"BreadcrumbList","@id":"https:\/\/www.istitutoici.com\/index.php\/unita-cliniche\/#breadcrumb","itemListElement":[{"@type":"ListItem","position":1,"name":"Home","item":"https:\/\/www.istitutoici.com\/"},{"@type":"ListItem","position":2,"name":"Unit\u00e0 Cliniche"}]},{"@type":"WebSite","@id":"https:\/\/www.istitutoici.com\/#website","url":"https:\/\/www.istitutoici.com\/","name":"Centro clinico ICI","description":"Centro accreditato Regione Lazio","potentialAction":[{"@type":"SearchAction","target":{"@type":"EntryPoint","urlTemplate":"https:\/\/www.istitutoici.com\/?s={search_term_string}"},"query-input":{"@type":"PropertyValueSpecification","valueRequired":true,"valueName":"search_term_string"}}],"inLanguage":"it-IT"}]}},"_links":{"self":[{"href":"https:\/\/www.istitutoici.com\/index.php\/wp-json\/wp\/v2\/pages\/758","targetHints":{"allow":["GET"]}}],"collection":[{"href":"https:\/\/www.istitutoici.com\/index.php\/wp-json\/wp\/v2\/pages"}],"about":[{"href":"https:\/\/www.istitutoici.com\/index.php\/wp-json\/wp\/v2\/types\/page"}],"author":[{"embeddable":true,"href":"https:\/\/www.istitutoici.com\/index.php\/wp-json\/wp\/v2\/users\/10"}],"replies":[{"embeddable":true,"href":"https:\/\/www.istitutoici.com\/index.php\/wp-json\/wp\/v2\/comments?post=758"}],"version-history":[{"count":29,"href":"https:\/\/www.istitutoici.com\/index.php\/wp-json\/wp\/v2\/pages\/758\/revisions"}],"predecessor-version":[{"id":2185,"href":"https:\/\/www.istitutoici.com\/index.php\/wp-json\/wp\/v2\/pages\/758\/revisions\/2185"}],"wp:attachment":[{"href":"https:\/\/www.istitutoici.com\/index.php\/wp-json\/wp\/v2\/media?parent=758"}],"wp:term":[{"taxonomy":"category","embeddable":true,"href":"https:\/\/www.istitutoici.com\/index.php\/wp-json\/wp\/v2\/categories?post=758"},{"taxonomy":"post_tag","embeddable":true,"href":"https:\/\/www.istitutoici.com\/index.php\/wp-json\/wp\/v2\/tags?post=758"}],"curies":[{"name":"wp","href":"https:\/\/api.w.org\/{rel}","templated":true}]}}